{"id":1388,"date":"2022-12-23T14:23:12","date_gmt":"2022-12-23T13:23:12","guid":{"rendered":"https:\/\/www.sohostudiolabs.com\/index.php\/projects\/"},"modified":"2023-01-23T20:53:04","modified_gmt":"2023-01-23T19:53:04","slug":"projects","status":"publish","type":"page","link":"https:\/\/www.sohostudiolabs.com\/de\/index.php\/projects\/","title":{"rendered":"Projects"},"content":{"rendered":"\t\t<div data-elementor-type=\"wp-page\" data-elementor-id=\"1388\" class=\"elementor elementor-1388 elementor-1226\">\n\t\t\t\t\t\t\t\t\t<section class=\"elementor-section elementor-top-section elementor-element elementor-element-1a0ab81 elementor-section-boxed elementor-section-height-default elementor-section-height-default\" data-id=\"1a0ab81\" data-element_type=\"section\" data-settings=\"{&quot;background_background&quot;:&quot;classic&quot;}\">\n\t\t\t\t\t\t<div class=\"elementor-container elementor-column-gap-default\">\n\t\t\t\t\t<div class=\"elementor-column elementor-col-100 elementor-top-column elementor-element elementor-element-b48e7e9\" data-id=\"b48e7e9\" data-element_type=\"column\">\n\t\t\t<div class=\"elementor-widget-wrap elementor-element-populated\">\n\t\t\t\t\t\t\t\t<div class=\"elementor-element elementor-element-399ee86 elementor-fixed elementor-widget elementor-widget-image\" data-id=\"399ee86\" data-element_type=\"widget\" data-settings=\"{&quot;_position&quot;:&quot;fixed&quot;}\" data-widget_type=\"image.default\">\n\t\t\t\t<div class=\"elementor-widget-container\">\n\t\t\t<style>\/*! elementor - v3.12.1 - 02-04-2023 *\/\n.elementor-widget-image{text-align:center}.elementor-widget-image a{display:inline-block}.elementor-widget-image a img[src$=\".svg\"]{width:48px}.elementor-widget-image img{vertical-align:middle;display:inline-block}<\/style>\t\t\t\t\t\t\t\t\t\t\t\t\t<a href=\"#elementor-action%3Aaction%3Dpopup%3Aopen%26settings%3DeyJpZCI6NDQ0LCJ0b2dnbGUiOmZhbHNlfQ%3D%3D\">\n\t\t\t\t\t\t\t<img loading=\"lazy\" decoding=\"async\" width=\"61\" height=\"61\" src=\"https:\/\/www.sohostudiolabs.com\/wp-content\/uploads\/2022\/06\/iconmenu.svg\" class=\"attachment-large size-large wp-image-14\" alt=\"\" \/>\t\t\t\t\t\t\t\t<\/a>\n\t\t\t\t\t\t\t\t\t\t\t\t\t\t\t<\/div>\n\t\t\t\t<\/div>\n\t\t\t\t<div class=\"elementor-element elementor-element-45e921b elementor-widget elementor-widget-heading\" data-id=\"45e921b\" data-element_type=\"widget\" data-widget_type=\"heading.default\">\n\t\t\t\t<div class=\"elementor-widget-container\">\n\t\t\t<style>\/*! elementor - v3.12.1 - 02-04-2023 *\/\n.elementor-heading-title{padding:0;margin:0;line-height:1}.elementor-widget-heading .elementor-heading-title[class*=elementor-size-]>a{color:inherit;font-size:inherit;line-height:inherit}.elementor-widget-heading .elementor-heading-title.elementor-size-small{font-size:15px}.elementor-widget-heading .elementor-heading-title.elementor-size-medium{font-size:19px}.elementor-widget-heading .elementor-heading-title.elementor-size-large{font-size:29px}.elementor-widget-heading .elementor-heading-title.elementor-size-xl{font-size:39px}.elementor-widget-heading .elementor-heading-title.elementor-size-xxl{font-size:59px}<\/style><h2 class=\"elementor-heading-title elementor-size-default\">UNSERE PROJEKTE<\/h2>\t\t<\/div>\n\t\t\t\t<\/div>\n\t\t\t\t<div class=\"elementor-element elementor-element-0996ff3 elementor-widget__width-initial elementor-fixed elementor-widget elementor-widget-image\" data-id=\"0996ff3\" data-element_type=\"widget\" data-settings=\"{&quot;_position&quot;:&quot;fixed&quot;}\" data-widget_type=\"image.default\">\n\t\t\t\t<div class=\"elementor-widget-container\">\n\t\t\t\t\t\t\t\t\t\t\t\t\t\t\t\t<a href=\"https:\/\/www.sohostudiolabs.com\/de\/\">\n\t\t\t\t\t\t\t<img loading=\"lazy\" decoding=\"async\" width=\"160\" height=\"643\" src=\"https:\/\/www.sohostudiolabs.com\/wp-content\/uploads\/2022\/10\/Frame-7.svg\" class=\"attachment-full size-full wp-image-1072\" alt=\"\" \/>\t\t\t\t\t\t\t\t<\/a>\n\t\t\t\t\t\t\t\t\t\t\t\t\t\t\t<\/div>\n\t\t\t\t<\/div>\n\t\t\t\t\t<\/div>\n\t\t<\/div>\n\t\t\t\t\t\t\t<\/div>\n\t\t<\/section>\n\t\t\t\t<section class=\"elementor-section elementor-top-section elementor-element elementor-element-deebe81 elementor-section-boxed elementor-section-height-default elementor-section-height-default\" data-id=\"deebe81\" data-element_type=\"section\">\n\t\t\t\t\t\t<div class=\"elementor-container elementor-column-gap-default\">\n\t\t\t\t\t<div class=\"elementor-column elementor-col-100 elementor-top-column elementor-element elementor-element-4adc281\" data-id=\"4adc281\" data-element_type=\"column\">\n\t\t\t<div class=\"elementor-widget-wrap elementor-element-populated\">\n\t\t\t\t\t\t\t\t<div class=\"elementor-element elementor-element-9edcee8 elementor-widget elementor-widget-heading\" data-id=\"9edcee8\" data-element_type=\"widget\" data-widget_type=\"heading.default\">\n\t\t\t\t<div class=\"elementor-widget-container\">\n\t\t\t<h3 class=\"elementor-heading-title elementor-size-xl\">DAS JAMES RIZZI UNIVERSE<\/h3>\t\t<\/div>\n\t\t\t\t<\/div>\n\t\t\t\t<section class=\"elementor-section elementor-inner-section elementor-element elementor-element-2e5a84d elementor-section-boxed elementor-section-height-default elementor-section-height-default\" data-id=\"2e5a84d\" data-element_type=\"section\">\n\t\t\t\t\t\t<div class=\"elementor-container elementor-column-gap-default\">\n\t\t\t\t\t<div class=\"elementor-column elementor-col-33 elementor-inner-column elementor-element elementor-element-2a3d4ef\" data-id=\"2a3d4ef\" data-element_type=\"column\">\n\t\t\t<div class=\"elementor-widget-wrap elementor-element-populated\">\n\t\t\t\t\t\t\t\t<div class=\"elementor-element elementor-element-e6d05ee elementor-widget elementor-widget-text-editor\" data-id=\"e6d05ee\" data-element_type=\"widget\" data-widget_type=\"text-editor.default\">\n\t\t\t\t<div class=\"elementor-widget-container\">\n\t\t\t<style>\/*! elementor - v3.12.1 - 02-04-2023 *\/\n.elementor-widget-text-editor.elementor-drop-cap-view-stacked .elementor-drop-cap{background-color:#69727d;color:#fff}.elementor-widget-text-editor.elementor-drop-cap-view-framed .elementor-drop-cap{color:#69727d;border:3px solid;background-color:transparent}.elementor-widget-text-editor:not(.elementor-drop-cap-view-default) .elementor-drop-cap{margin-top:8px}.elementor-widget-text-editor:not(.elementor-drop-cap-view-default) .elementor-drop-cap-letter{width:1em;height:1em}.elementor-widget-text-editor .elementor-drop-cap{float:left;text-align:center;line-height:1;font-size:50px}.elementor-widget-text-editor .elementor-drop-cap-letter{display:inline-block}<\/style>\t\t\t\t<h4>NFT<\/h4>\n\t\t\t\t\t\t<\/div>\n\t\t\t\t<\/div>\n\t\t\t\t<div class=\"elementor-element elementor-element-fb20921 elementor-widget elementor-widget-image\" data-id=\"fb20921\" data-element_type=\"widget\" data-widget_type=\"image.default\">\n\t\t\t\t<div class=\"elementor-widget-container\">\n\t\t\t\t\t\t\t\t\t\t\t\t\t\t\t<img loading=\"lazy\" decoding=\"async\" width=\"800\" height=\"450\" src=\"https:\/\/www.sohostudiolabs.com\/wp-content\/uploads\/2023\/01\/1-2-1024x576.jpg\" class=\"attachment-large size-large wp-image-1277\" alt=\"\" srcset=\"https:\/\/www.sohostudiolabs.com\/wp-content\/uploads\/2023\/01\/1-2-1024x576.jpg 1024w, https:\/\/www.sohostudiolabs.com\/wp-content\/uploads\/2023\/01\/1-2-300x169.jpg 300w, https:\/\/www.sohostudiolabs.com\/wp-content\/uploads\/2023\/01\/1-2-768x432.jpg 768w, https:\/\/www.sohostudiolabs.com\/wp-content\/uploads\/2023\/01\/1-2-1536x864.jpg 1536w, https:\/\/www.sohostudiolabs.com\/wp-content\/uploads\/2023\/01\/1-2-2048x1152.jpg 2048w\" sizes=\"auto, (max-width: 800px) 100vw, 800px\" \/>\t\t\t\t\t\t\t\t\t\t\t\t\t\t\t<\/div>\n\t\t\t\t<\/div>\n\t\t\t\t<div class=\"elementor-element elementor-element-aae7e4a elementor-widget elementor-widget-text-editor\" data-id=\"aae7e4a\" data-element_type=\"widget\" data-widget_type=\"text-editor.default\">\n\t\t\t\t<div class=\"elementor-widget-container\">\n\t\t\t\t\t\t\t<p>Die Entwicklung digitaler Kunstwerke auf der Blockchain ist eine besondere kreative Herausforderung f\u00fcr alle. Der Ideenvielfalt und Ausdrucksst\u00e4rke scheinen kaum Grenzen gesetzt. Die aufmerksamkeitsstarke Platzierung<br \/>hochqualitativer und au\u00dfergew\u00f6hnlich merkf\u00e4higer NFTs ist unsere Aufgabe. <\/p>\n<p>An unserem Referenz-Case JAMES RIZZI NFTs wird schnell sichtbar, wie sehr eine authentische Markengeschichte eine sichtbare Alleinstellung schaffen kann. Gepaart mit bunten, wiedererkennbaren und spannenden Charaktertypen sollte so aus einer guten Story eine noch bessere werden.<\/p>\n\t\t\t\t\t\t<\/div>\n\t\t\t\t<\/div>\n\t\t\t\t\t<\/div>\n\t\t<\/div>\n\t\t\t\t<div class=\"elementor-column elementor-col-33 elementor-inner-column elementor-element elementor-element-fb364bf\" data-id=\"fb364bf\" data-element_type=\"column\">\n\t\t\t<div class=\"elementor-widget-wrap elementor-element-populated\">\n\t\t\t\t\t\t\t\t<div class=\"elementor-element elementor-element-52edcdc elementor-widget elementor-widget-text-editor\" data-id=\"52edcdc\" data-element_type=\"widget\" data-widget_type=\"text-editor.default\">\n\t\t\t\t<div class=\"elementor-widget-container\">\n\t\t\t\t\t\t\t<h4>METAVERSE<\/h4>\n\t\t\t\t\t\t<\/div>\n\t\t\t\t<\/div>\n\t\t\t\t<div class=\"elementor-element elementor-element-0b02f2e elementor-widget elementor-widget-image\" data-id=\"0b02f2e\" data-element_type=\"widget\" data-widget_type=\"image.default\">\n\t\t\t\t<div class=\"elementor-widget-container\">\n\t\t\t\t\t\t\t\t\t\t\t\t\t\t\t<img loading=\"lazy\" decoding=\"async\" width=\"800\" height=\"450\" src=\"https:\/\/www.sohostudiolabs.com\/wp-content\/uploads\/2022\/12\/HighresScreenshot00011-1024x576.png\" class=\"attachment-large size-large wp-image-1229\" alt=\"\" srcset=\"https:\/\/www.sohostudiolabs.com\/wp-content\/uploads\/2022\/12\/HighresScreenshot00011-1024x576.png 1024w, https:\/\/www.sohostudiolabs.com\/wp-content\/uploads\/2022\/12\/HighresScreenshot00011-300x169.png 300w, https:\/\/www.sohostudiolabs.com\/wp-content\/uploads\/2022\/12\/HighresScreenshot00011-768x432.png 768w, https:\/\/www.sohostudiolabs.com\/wp-content\/uploads\/2022\/12\/HighresScreenshot00011-1536x864.png 1536w, https:\/\/www.sohostudiolabs.com\/wp-content\/uploads\/2022\/12\/HighresScreenshot00011-2048x1152.png 2048w\" sizes=\"auto, (max-width: 800px) 100vw, 800px\" \/>\t\t\t\t\t\t\t\t\t\t\t\t\t\t\t<\/div>\n\t\t\t\t<\/div>\n\t\t\t\t<div class=\"elementor-element elementor-element-46949bc elementor-widget elementor-widget-text-editor\" data-id=\"46949bc\" data-element_type=\"widget\" data-widget_type=\"text-editor.default\">\n\t\t\t\t<div class=\"elementor-widget-container\">\n\t\t\t\t\t\t\t<p>Noch in den 80er Jahren sprach man von den Grenzen der Wahrnehmung. <br \/>Heute, 40 Jahre sp\u00e4ter ist nach der Darstellung digitaler R\u00e4ume das Leben, Lernen und Handeln auf virtuellen Plattformen in der Vernetzung mit realen Welten ein Teil des Heute &#8211; und ein noch gewichtigerer Baustein des Morgen.<\/p>\n<p>VR, augmented reality Programme, KI-Simulationen und Quantenrechner bed\u00fcrfen der Bedienung echter Experten, die rar und begehrt sind. Es ist das pr\u00e4zise Orchestrieren, das grenz\u00fcberschreitende Konstruktive, das unser Schaffen und \u201eMachen\u201c als Think Tank ausmacht &gt; Studio James Rizzi<\/p>\n\t\t\t\t\t\t<\/div>\n\t\t\t\t<\/div>\n\t\t\t\t\t<\/div>\n\t\t<\/div>\n\t\t\t\t<div class=\"elementor-column elementor-col-33 elementor-inner-column elementor-element elementor-element-a1c8d41\" data-id=\"a1c8d41\" data-element_type=\"column\">\n\t\t\t<div class=\"elementor-widget-wrap elementor-element-populated\">\n\t\t\t\t\t\t\t\t<div class=\"elementor-element elementor-element-3cabe81 elementor-widget elementor-widget-text-editor\" data-id=\"3cabe81\" data-element_type=\"widget\" data-widget_type=\"text-editor.default\">\n\t\t\t\t<div class=\"elementor-widget-container\">\n\t\t\t\t\t\t\t<h4>AVATAR<\/h4>\n\t\t\t\t\t\t<\/div>\n\t\t\t\t<\/div>\n\t\t\t\t<div class=\"elementor-element elementor-element-2811c78 elementor-widget elementor-widget-image\" data-id=\"2811c78\" data-element_type=\"widget\" data-widget_type=\"image.default\">\n\t\t\t\t<div class=\"elementor-widget-container\">\n\t\t\t\t\t\t\t\t\t\t\t\t\t\t\t<img loading=\"lazy\" decoding=\"async\" width=\"800\" height=\"450\" src=\"https:\/\/www.sohostudiolabs.com\/wp-content\/uploads\/2022\/12\/AvatarScreenshot-1024x576.png\" class=\"attachment-large size-large wp-image-1231\" alt=\"\" srcset=\"https:\/\/www.sohostudiolabs.com\/wp-content\/uploads\/2022\/12\/AvatarScreenshot-1024x576.png 1024w, https:\/\/www.sohostudiolabs.com\/wp-content\/uploads\/2022\/12\/AvatarScreenshot-300x169.png 300w, https:\/\/www.sohostudiolabs.com\/wp-content\/uploads\/2022\/12\/AvatarScreenshot-768x432.png 768w, https:\/\/www.sohostudiolabs.com\/wp-content\/uploads\/2022\/12\/AvatarScreenshot-1536x864.png 1536w, https:\/\/www.sohostudiolabs.com\/wp-content\/uploads\/2022\/12\/AvatarScreenshot.png 1920w\" sizes=\"auto, (max-width: 800px) 100vw, 800px\" \/>\t\t\t\t\t\t\t\t\t\t\t\t\t\t\t<\/div>\n\t\t\t\t<\/div>\n\t\t\t\t<div class=\"elementor-element elementor-element-f738fd5 elementor-widget elementor-widget-text-editor\" data-id=\"f738fd5\" data-element_type=\"widget\" data-widget_type=\"text-editor.default\">\n\t\t\t\t<div class=\"elementor-widget-container\">\n\t\t\t\t\t\t\t<p>Sind wir die Roboter \u2013 oder werden die Roboter die besseren Menschen? Wer sich fr\u00fcher gerne verkleidet hat, kann sich heute hinter und in neuen, faszinierenden Masken und sensorischen K\u00f6rpern bewegen und agieren.<\/p>\n<p>Virtuelle Charakter und Hybride zwischen Mensch und Illusion lassen die analogen Wirklichkeiten erbeben. Die k\u00fcnstliche Autorit\u00e4t intelligent gesteuerter Figuren kann schon heute \u201esystemische F\u00fchrungsrollen \u00fcbernehmen.\u201c F\u00fcr uns ist es mehr die Freude und die Faszination an der Sch\u00f6pfung von Fantasie und Momenten des Staunens, die uns inspiririert \u2013 wir begr\u00fc\u00dfen in 2023 James Rizzi als Avatar!<\/p>\n\t\t\t\t\t\t<\/div>\n\t\t\t\t<\/div>\n\t\t\t\t\t<\/div>\n\t\t<\/div>\n\t\t\t\t\t\t\t<\/div>\n\t\t<\/section>\n\t\t\t\t\t<\/div>\n\t\t<\/div>\n\t\t\t\t\t\t\t<\/div>\n\t\t<\/section>\n\t\t\t\t\t\t\t<\/div>\n\t\t","protected":false},"excerpt":{"rendered":"<p>UNSERE PROJEKTE DAS JAMES RIZZI UNIVERSE NFT Die Entwicklung digitaler Kunstwerke auf der Blockchain ist eine besondere kreative Herausforderung f\u00fcr alle. Der Ideenvielfalt und Ausdrucksst\u00e4rke scheinen kaum Grenzen gesetzt. Die aufmerksamkeitsstarke Platzierunghochqualitativer und au\u00dfergew\u00f6hnlich merkf\u00e4higer NFTs ist unsere Aufgabe. An unserem Referenz-Case JAMES RIZZI NFTs wird schnell sichtbar, wie sehr eine authentische Markengeschichte eine sichtbare [&hellip;]<\/p>\n","protected":false},"author":1,"featured_media":0,"parent":0,"menu_order":0,"comment_status":"closed","ping_status":"closed","template":"","meta":{"footnotes":""},"class_list":["post-1388","page","type-page","status-publish","hentry"],"_links":{"self":[{"href":"https:\/\/www.sohostudiolabs.com\/de\/index.php\/wp-json\/wp\/v2\/pages\/1388","targetHints":{"allow":["GET"]}}],"collection":[{"href":"https:\/\/www.sohostudiolabs.com\/de\/index.php\/wp-json\/wp\/v2\/pages"}],"about":[{"href":"https:\/\/www.sohostudiolabs.com\/de\/index.php\/wp-json\/wp\/v2\/types\/page"}],"author":[{"embeddable":true,"href":"https:\/\/www.sohostudiolabs.com\/de\/index.php\/wp-json\/wp\/v2\/users\/1"}],"replies":[{"embeddable":true,"href":"https:\/\/www.sohostudiolabs.com\/de\/index.php\/wp-json\/wp\/v2\/comments?post=1388"}],"version-history":[{"count":1,"href":"https:\/\/www.sohostudiolabs.com\/de\/index.php\/wp-json\/wp\/v2\/pages\/1388\/revisions"}],"predecessor-version":[{"id":1389,"href":"https:\/\/www.sohostudiolabs.com\/de\/index.php\/wp-json\/wp\/v2\/pages\/1388\/revisions\/1389"}],"wp:attachment":[{"href":"https:\/\/www.sohostudiolabs.com\/de\/index.php\/wp-json\/wp\/v2\/media?parent=1388"}],"curies":[{"name":"wp","href":"https:\/\/api.w.org\/{rel}","templated":true}]}}